{"id":338,"date":"2016-09-05T13:47:35","date_gmt":"2016-09-05T12:47:35","guid":{"rendered":"http:\/\/www.hac63.nl\/wordpress\/?page_id=338"},"modified":"2025-10-14T20:35:10","modified_gmt":"2025-10-14T19:35:10","slug":"lid-worden","status":"publish","type":"page","link":"https:\/\/hac63.nl\/wordpress\/lid-worden\/","title":{"rendered":"Lid worden of opzeggen"},"content":{"rendered":"<p class=\"p1\"><span class=\"s1\"><strong>Wanneer je denkt dat atletiek of sportief wandelen wat voor jou is, dan ben jij van harte welkom om vier keer op proef mee te doen bij een training. Dit is een mooie mogelijkheid om te ervaren hoe het is om bij HAC&#8217;63 te trainen.<\/strong>\u00a0<\/span><\/p>\r\n<p><span class=\"s1\"><strong>Aanmelden<\/strong><\/span><\/p>\r\n<p>Aanmelden als lid? Stuur dan dit\u00a0\u00a0<strong><span style=\"color: #ff0000\"><span style=\"color: #ff0000\"> <a style=\"color: #ff0000\" href=\"https:\/\/hac63.nl\/wordpress\/wp-content\/uploads\/2025\/10\/inschrijfformulier-1.docx\">inschrijfformulier<\/a> \u00a0<\/span><\/span><\/strong>ingevuld terug naar de<span style=\"color: #0000ff\"> <a style=\"color: #0000ff\" href=\"mailto:ledenadministratie@hac63.nl\">ledenadministratie@hac63.nl <\/a><\/span>Natuurlijk kun je de trainers ook om een inschrijfformulier vragen en dat bij hen weer inleveren.<\/p>\r\n<p><strong>Opzegging lidmaatschap, overschrijving, lidmaatschap meerdere verenigingen<br \/><\/strong>Opzeggen van het Clublidmaatschap uiterlijk vier weken voor het einde van het kwartaal, dus voor 1 feb, 1 jun. 1 sep en 1 nov. Opzegging kan\u00a0 schriftelijk per e-mail via: <a href=\"mailto:ledenadministratie@hac63.nl\">ledenadministratie@hac63.nl<\/a>. Vermeld in de opzegging je naam en de trainingsgroep. Ook is het als vereniging erg waardevol te horen waarom iemand stopt met trainen bij HAC&#8217;63. Je ontvangt binnen twee weken een bevestiging van de opzegging. Er vindt geen contributieteruggave plaats. De eventuele incassomachtiging voor de contributie-inning wordt uiteraard wel ingetrokken. Het lidmaatschap van de Atletiekunie is voor een jaar en afmeldingen bij de Atletiekunie voor het nieuwe kalenderjaar moeten v\u00f3\u00f3r 1 december bij de ledenadministratie binnen zijn; anders moet je de bijdrage Atletiekunie en eventuele licentiekosten van het jaar erop betalen.<\/p>\r\n<p>Wanneer iemand met een wedstrijdlicentie zich tijdens het lopende jaar wil laten overschrijven naar een andere vereniging vraagt de Atletiekunie om een overschrijvingsverklaring; neem hiervoor contact op met de ledenadministratie. Houdt hierbij rekening met enige verwerkingstijd\u00a0 en de overschrijvingskosten bij de Atletiek Unie. Dan loopt het lidmaatschap van de AU en de wedstrijdlicentie door en worden alleen administratiekosten berekend door de AU.\u00a0 Bij alle overige categorie\u00ebn (recreant, wandelaar en overig lid) wordt na aanmelding bij de nieuwe vereniging opnieuw de basiscontributie en administratiekosten van de AU in rekening gebracht.<\/p>\r\n<p>Train je bij twee verenigingen dan betaal je bij beide verenigingen de verenigingscontributie \u00e8n de bondscontributie van de AU(ivm de verzekeringen). De wedstrijdlicentie kan maar via \u00e9\u00e9n vereniging lopen.<\/p>\r\n\r\n<div data-wp-interactive=\"\">Laatste update: 14-10-2025<\/div>\r\n","protected":false},"excerpt":{"rendered":"<p>Wanneer je denkt dat atletiek of sportief wandelen wat voor jou is, dan ben jij van harte welkom om vier keer op proef mee te doen bij een training. Dit [&hellip;]<\/p>\n","protected":false},"author":1,"featured_media":0,"parent":0,"menu_order":0,"comment_status":"closed","ping_status":"closed","template":"","meta":{"_coblocks_attr":"","_coblocks_dimensions":"","_coblocks_responsive_height":"","_coblocks_accordion_ie_support":"","footnotes":""},"_links":{"self":[{"href":"https:\/\/hac63.nl\/wordpress\/wp-json\/wp\/v2\/pages\/338"}],"collection":[{"href":"https:\/\/hac63.nl\/wordpress\/wp-json\/wp\/v2\/pages"}],"about":[{"href":"https:\/\/hac63.nl\/wordpress\/wp-json\/wp\/v2\/types\/page"}],"author":[{"embeddable":true,"href":"https:\/\/hac63.nl\/wordpress\/wp-json\/wp\/v2\/users\/1"}],"replies":[{"embeddable":true,"href":"https:\/\/hac63.nl\/wordpress\/wp-json\/wp\/v2\/comments?post=338"}],"version-history":[{"count":47,"href":"https:\/\/hac63.nl\/wordpress\/wp-json\/wp\/v2\/pages\/338\/revisions"}],"predecessor-version":[{"id":55832,"href":"https:\/\/hac63.nl\/wordpress\/wp-json\/wp\/v2\/pages\/338\/revisions\/55832"}],"wp:attachment":[{"href":"https:\/\/hac63.nl\/wordpress\/wp-json\/wp\/v2\/media?parent=338"}],"curies":[{"name":"wp","href":"https:\/\/api.w.org\/{rel}","templated":true}]}}