{"id":282,"date":"2016-09-01T20:58:19","date_gmt":"2016-09-01T19:58:19","guid":{"rendered":"http:\/\/www.hac63.nl\/wordpress\/?page_id=282"},"modified":"2025-12-09T16:43:54","modified_gmt":"2025-12-09T15:43:54","slug":"contributie","status":"publish","type":"page","link":"https:\/\/hac63.nl\/wordpress\/contributie\/","title":{"rendered":"Contributie en leeftijdsindeling"},"content":{"rendered":"\r\n<p>Voor 2026 verhoogt de Atletiekunie de prijzen van het lidmaatschap met 3,55%.<\/p>\r\n<p>HAC\u201963 past de eigen contributiebedragen ook aan.<\/p>\r\n<table style=\"height: 1434px\" width=\"605\">\r\n<tbody>\r\n<tr>\r\n<td colspan=\"4\" width=\"491\">\r\n<p><strong>Contributies vanaf 1 jan 2026<\/strong><\/p>\r\n<\/td>\r\n<\/tr>\r\n<tr>\r\n<td width=\"132\">\r\n<p>Categorie<\/p>\r\n<\/td>\r\n<td width=\"123\">\r\n<p>Atletiekunie<\/p>\r\n<p>(per jaar)<\/p>\r\n<\/td>\r\n<td width=\"123\">\r\n<p>Wedstrijd-licentie\u00a0\u00a0\u00a0\u00a0\u00a0\u00a0\u00a0\u00a0\u00a0\u00a0\u00a0 (per jaar)<\/p>\r\n<\/td>\r\n<td width=\"113\">\r\n<p>HAC\u201963<\/p>\r\n<p>(per kwartaal)<\/p>\r\n<\/td>\r\n<\/tr>\r\n<tr>\r\n<td width=\"132\">\r\n<p>U08<\/p>\r\n<\/td>\r\n<td width=\"123\">\r\n<p>\u20ac 19,40<\/p>\r\n<\/td>\r\n<td width=\"123\">\r\n<p>nvt<\/p>\r\n<\/td>\r\n<td width=\"113\">\r\n<p>\u20ac 36<\/p>\r\n<\/td>\r\n<\/tr>\r\n<tr>\r\n<td width=\"132\">\r\n<p>U09<\/p>\r\n<\/td>\r\n<td width=\"123\">\r\n<p>\u20ac 19,40<\/p>\r\n<\/td>\r\n<td width=\"123\">\r\n<p>\u20ac 10,60<\/p>\r\n<\/td>\r\n<td width=\"113\">\r\n<p>\u20ac 36<\/p>\r\n<\/td>\r\n<\/tr>\r\n<tr>\r\n<td width=\"132\">\r\n<p>U10<\/p>\r\n<\/td>\r\n<td width=\"123\">\r\n<p>\u20ac 19,40<\/p>\r\n<\/td>\r\n<td width=\"123\">\r\n<p>\u20ac 10,60<\/p>\r\n<\/td>\r\n<td width=\"113\">\r\n<p>\u20ac 36<\/p>\r\n<\/td>\r\n<\/tr>\r\n<tr>\r\n<td width=\"132\">\r\n<p>U12<\/p>\r\n<\/td>\r\n<td width=\"123\">\r\n<p>\u20ac 19,40<\/p>\r\n<\/td>\r\n<td width=\"123\">\r\n<p>\u20ac 10,60<\/p>\r\n<\/td>\r\n<td width=\"113\">\r\n<p>\u20ac 36<\/p>\r\n<\/td>\r\n<\/tr>\r\n<tr>\r\n<td width=\"132\">\r\n<p>U14<\/p>\r\n<\/td>\r\n<td width=\"123\">\r\n<p>\u20ac 20,50<\/p>\r\n<\/td>\r\n<td width=\"123\">\r\n<p>\u20ac 18,75<\/p>\r\n<\/td>\r\n<td width=\"113\">\r\n<p>\u20ac 44<\/p>\r\n<\/td>\r\n<\/tr>\r\n<tr>\r\n<td width=\"132\">\r\n<p>U16<\/p>\r\n<\/td>\r\n<td width=\"123\">\r\n<p>\u20ac 20,50<\/p>\r\n<\/td>\r\n<td width=\"123\">\r\n<p>\u20ac 18,75<\/p>\r\n<\/td>\r\n<td width=\"113\">\r\n<p>\u20ac 44<\/p>\r\n<\/td>\r\n<\/tr>\r\n<tr>\r\n<td width=\"132\">\r\n<p>U18<\/p>\r\n<\/td>\r\n<td width=\"123\">\r\n<p>\u20ac 20,50<\/p>\r\n<\/td>\r\n<td width=\"123\">\r\n<p>\u20ac 18,75<\/p>\r\n<\/td>\r\n<td width=\"113\">\r\n<p>\u20ac 46<\/p>\r\n<\/td>\r\n<\/tr>\r\n<tr>\r\n<td width=\"132\">\r\n<p>U20<\/p>\r\n<\/td>\r\n<td width=\"123\">\r\n<p>\u20ac 20,50<\/p>\r\n<\/td>\r\n<td width=\"123\">\r\n<p>\u20ac 18,75<\/p>\r\n<\/td>\r\n<td width=\"113\">\r\n<p>\u20ac 46<\/p>\r\n<\/td>\r\n<\/tr>\r\n<tr>\r\n<td width=\"132\">\r\n<p>Senioren<\/p>\r\n<\/td>\r\n<td width=\"123\">\r\n<p>\u20ac 22,15<\/p>\r\n<\/td>\r\n<td width=\"123\">\r\n<p>\u20ac 29,90<\/p>\r\n<\/td>\r\n<td width=\"113\">\r\n<p>\u20ac 55<\/p>\r\n<\/td>\r\n<\/tr>\r\n<tr>\r\n<td width=\"132\">\r\n<p>Masters<\/p>\r\n<\/td>\r\n<td width=\"123\">\r\n<p>\u20ac 22,15<\/p>\r\n<\/td>\r\n<td width=\"123\">\r\n<p>\u20ac 29,90<\/p>\r\n<\/td>\r\n<td width=\"113\">\r\n<p>\u20ac 55<\/p>\r\n<\/td>\r\n<\/tr>\r\n<tr>\r\n<td width=\"132\">\r\n<p>Recreanten<\/p>\r\n<\/td>\r\n<td width=\"123\">\r\n<p>\u20ac 22,15<\/p>\r\n<\/td>\r\n<td width=\"123\">\r\n<p>n.v.t.<\/p>\r\n<\/td>\r\n<td width=\"113\">\r\n<p>\u20ac 55<\/p>\r\n<\/td>\r\n<\/tr>\r\n<tr>\r\n<td width=\"132\">\r\n<p>Licentielid (senioren of masters)<\/p>\r\n<\/td>\r\n<td width=\"123\">\r\n<p>\u20ac 22,15<\/p>\r\n<\/td>\r\n<td width=\"123\">\r\n<p>\u20ac 29,90<\/p>\r\n<\/td>\r\n<td width=\"113\">\r\n<p>\u20ac 11 =per jaar<\/p>\r\n<\/td>\r\n<\/tr>\r\n<tr>\r\n<td width=\"132\">\r\n<p>Overig, dus niet-atleten (bijv juylid)<\/p>\r\n<\/td>\r\n<td width=\"123\">\r\n<p>\u20ac 22,15<\/p>\r\n<\/td>\r\n<td width=\"123\">\r\n<p>nvt<\/p>\r\n<\/td>\r\n<td width=\"113\">\r\n<p>nvt<\/p>\r\n<\/td>\r\n<\/tr>\r\n<tr>\r\n<td width=\"132\">\r\n<p>Kortlopend lidmaatschap voor drie maand, alleen recreanten<\/p>\r\n<\/td>\r\n<td width=\"123\">\r\n<p>\u20ac 8,60<\/p>\r\n<\/td>\r\n<td width=\"123\">\r\n<p>n.v.t.<\/p>\r\n<\/td>\r\n<td width=\"113\">\r\n<p>\u20ac 55 =per 3 mnd<\/p>\r\n<\/td>\r\n<\/tr>\r\n<tr>\r\n<td width=\"132\">\r\n<p>Slapend lidmaatschap masters<\/p>\r\n<\/td>\r\n<td width=\"123\">\r\n<p>\u20ac 22,15<\/p>\r\n<\/td>\r\n<td width=\"123\">\r\n<p>\u20ac 29,90<\/p>\r\n<\/td>\r\n<td width=\"113\">\r\n<p>\u20ac 2 =per 3 mnd<\/p>\r\n<\/td>\r\n<\/tr>\r\n<tr>\r\n<td width=\"132\">\r\n<p>Slapend lidmaatschap recreanten<\/p>\r\n<\/td>\r\n<td width=\"123\">\r\n<p>\u20ac 22,15<\/p>\r\n<\/td>\r\n<td width=\"123\">\r\n<p>nvt<\/p>\r\n<\/td>\r\n<td width=\"113\">\r\n<p>\u20ac 2 =per 3 mnd<\/p>\r\n<\/td>\r\n<\/tr>\r\n<\/tbody>\r\n<\/table>\r\n<table width=\"604\">\r\n<tbody>\r\n<tr>\r\n<td width=\"444\">\r\n<p><strong>Administratiekosten 2026<\/strong><\/p>\r\n<\/td>\r\n<td width=\"161\">\u00a0<\/td>\r\n<\/tr>\r\n<tr>\r\n<td width=\"444\">\r\n<p>aanmeldkosten\/reactivering \u00a0Atletiekunie\/HAC\u201963<\/p>\r\n<\/td>\r\n<td width=\"161\">\r\n<p>\u20ac 22<\/p>\r\n<\/td>\r\n<\/tr>\r\n<tr>\r\n<td width=\"444\">\r\n<p>Atletiekunie overschrijving wedstrijdlicentie<\/p>\r\n<\/td>\r\n<td width=\"161\">\r\n<p>\u20ac\u00a013,40<\/p>\r\n<\/td>\r\n<\/tr>\r\n<tr>\r\n<td width=\"444\">\r\n<p>HAC\u201963 administratiekosten facturaties<\/p>\r\n<\/td>\r\n<td width=\"161\">\r\n<p>\u20ac\u00a04<\/p>\r\n<\/td>\r\n<\/tr>\r\n<\/tbody>\r\n<\/table>\r\n<p><strong>Leeftijdsindeling atleten<\/strong><\/p>\r\n<p>Bij de pupillen en junioren is het kalenderjaar waarin de leeftijd wordt bereikt bepalend.\u00a0 Voor de masters bij de atletiek is dit de geboortedatum.\u00a0 Het vormen van andere trainingsgroepen obv de leeftijdscategorie vindt plaats na de herfstvakantie, ter voorbereiding op het indoorseizoen.<\/p>\r\n<p><strong>Leeftijdsindeling vanaf 1-1-2026<\/strong><\/p>\r\n<table style=\"height: 691px\" width=\"577\">\r\n<thead>\r\n<tr>\r\n<td>\r\n<p>Categorie<\/p>\r\n<\/td>\r\n<td>\r\n<p>Geboren in<\/p>\r\n<\/td>\r\n<\/tr>\r\n<\/thead>\r\n<tbody>\r\n<tr>\r\n<td>\r\n<p>U8 (minipupillen)<\/p>\r\n<\/td>\r\n<td>\r\n<p>2019 en later<\/p>\r\n<\/td>\r\n<\/tr>\r\n<tr>\r\n<td>\r\n<p>U9 (pupillen C)<\/p>\r\n<\/td>\r\n<td>\r\n<p>2018<\/p>\r\n<\/td>\r\n<\/tr>\r\n<tr>\r\n<td>\r\n<p>U10 (pupillen B)<\/p>\r\n<\/td>\r\n<td>\r\n<p>2017<\/p>\r\n<\/td>\r\n<\/tr>\r\n<tr>\r\n<td>\r\n<p>U12 (pupillen A)<\/p>\r\n<\/td>\r\n<td>\r\n<p>2016 \/ 2015<\/p>\r\n<\/td>\r\n<\/tr>\r\n<tr>\r\n<td>\r\n<p>U14 (junioren D)<\/p>\r\n<\/td>\r\n<td>\r\n<p>2014 \/ 2013<\/p>\r\n<\/td>\r\n<\/tr>\r\n<tr>\r\n<td>\r\n<p>U16 (junioren C)<\/p>\r\n<\/td>\r\n<td>\r\n<p>2012 \/ 2011<\/p>\r\n<\/td>\r\n<\/tr>\r\n<tr>\r\n<td>\r\n<p>U18 (junioren B)<\/p>\r\n<\/td>\r\n<td>\r\n<p>2010 \/ 2009<\/p>\r\n<\/td>\r\n<\/tr>\r\n<tr>\r\n<td>\r\n<p>U20 (junioren A)<\/p>\r\n<\/td>\r\n<td>\r\n<p>2008 \/ 2007<\/p>\r\n<\/td>\r\n<\/tr>\r\n<tr>\r\n<td>\r\n<p>Senioren<\/p>\r\n<\/td>\r\n<td>\r\n<p>2006 t\/m 1992<\/p>\r\n<\/td>\r\n<\/tr>\r\n<tr>\r\n<td>\r\n<p>Masters<\/p>\r\n<\/td>\r\n<td>\r\n<p>1991 en eerder<\/p>\r\n<\/td>\r\n<\/tr>\r\n<\/tbody>\r\n<\/table>\r\n<p>Categorie U23 (bij internationale toernooien en voor Nederlandse records U23)<\/p>\r\n<p>Geboren in 2004, 2005 of 2006.<\/p>\r\n<table width=\"604\">\r\n<tbody>\r\n<tr>\r\n<td colspan=\"4\" width=\"604\">\r\n<p><strong>Leeftijdsindeling 1 nov 2024 tot 31 dec 2025<\/strong><\/p>\r\n<\/td>\r\n<\/tr>\r\n<tr>\r\n<td width=\"133\">\r\n<p>Geboortejaar<\/p>\r\n<\/td>\r\n<td width=\"144\">\r\n<p>Leeftijd<\/p>\r\n<\/td>\r\n<td width=\"167\">\r\n<p>Categorie<\/p>\r\n<\/td>\r\n<td width=\"160\">\r\n<p>&nbsp;<\/p>\r\n<\/td>\r\n<\/tr>\r\n<tr>\r\n<td width=\"133\">\r\n<p>2018 en later<\/p>\r\n<\/td>\r\n<td width=\"144\">\r\n<p>6 en 7 jaar<\/p>\r\n<\/td>\r\n<td width=\"167\">\r\n<p>U08\u00a0<\/p>\r\n<\/td>\r\n<td width=\"160\">\r\n<p>&nbsp;<\/p>\r\n<\/td>\r\n<\/tr>\r\n<tr>\r\n<td width=\"133\">\r\n<p>2017<\/p>\r\n<\/td>\r\n<td width=\"144\">\r\n<p>8 jaar<\/p>\r\n<\/td>\r\n<td width=\"167\">\r\n<p>U09\u00a0\u00a0<\/p>\r\n<\/td>\r\n<td width=\"160\">\r\n<p>&nbsp;<\/p>\r\n<\/td>\r\n<\/tr>\r\n<tr>\r\n<td width=\"133\">\r\n<p>2016<\/p>\r\n<\/td>\r\n<td width=\"144\">\r\n<p>9 jaar<\/p>\r\n<\/td>\r\n<td width=\"167\">\r\n<p>U10\u00a0\u00a0<\/p>\r\n<\/td>\r\n<td width=\"160\">\r\n<p>&nbsp;<\/p>\r\n<\/td>\r\n<\/tr>\r\n<tr>\r\n<td width=\"133\">\r\n<p>2014 of 2015<\/p>\r\n<\/td>\r\n<td width=\"144\">\r\n<p>10 en 11 jaar<\/p>\r\n<\/td>\r\n<td width=\"167\">\r\n<p>U12\u00a0\u00a0<\/p>\r\n<\/td>\r\n<td width=\"160\">\r\n<p>&nbsp;<\/p>\r\n<\/td>\r\n<\/tr>\r\n<tr>\r\n<td width=\"133\">\r\n<p>2012 of 2013<\/p>\r\n<\/td>\r\n<td width=\"144\">\r\n<p>12 en 13 jaar<\/p>\r\n<\/td>\r\n<td width=\"167\">\r\n<p>U14\u00a0\u00a0<\/p>\r\n<\/td>\r\n<td width=\"160\">\r\n<p>&nbsp;<\/p>\r\n<\/td>\r\n<\/tr>\r\n<tr>\r\n<td width=\"133\">\r\n<p>2010 of 2011<\/p>\r\n<\/td>\r\n<td width=\"144\">\r\n<p>14 en 15 jaar<\/p>\r\n<\/td>\r\n<td width=\"167\">\r\n<p>U16\u00a0<\/p>\r\n<\/td>\r\n<td width=\"160\">\r\n<p>&nbsp;<\/p>\r\n<\/td>\r\n<\/tr>\r\n<tr>\r\n<td width=\"133\">\r\n<p>2008 of 2009<\/p>\r\n<\/td>\r\n<td width=\"144\">\r\n<p>16 en 17 jaar<\/p>\r\n<\/td>\r\n<td width=\"167\">\r\n<p>U18\u00a0<\/p>\r\n<\/td>\r\n<td width=\"160\">\r\n<p>&nbsp;<\/p>\r\n<\/td>\r\n<\/tr>\r\n<tr>\r\n<td width=\"133\">\r\n<p>2006 of 2007<\/p>\r\n<\/td>\r\n<td width=\"144\">\r\n<p>18 en 19 jaar<\/p>\r\n<\/td>\r\n<td width=\"167\">\r\n<p>U20\u00a0<\/p>\r\n<\/td>\r\n<td width=\"160\">\r\n<p>&nbsp;<\/p>\r\n<\/td>\r\n<\/tr>\r\n<tr>\r\n<td width=\"133\">\r\n<p>1991 tem 2005<\/p>\r\n<\/td>\r\n<td width=\"144\">\r\n<p>20 t\/m 34 jaar<\/p>\r\n<\/td>\r\n<td width=\"167\">\r\n<p>Senioren<\/p>\r\n<\/td>\r\n<td width=\"160\">\r\n<p>&nbsp;<\/p>\r\n<\/td>\r\n<\/tr>\r\n<tr>\r\n<td width=\"133\">\r\n<p>1990 en eerder<\/p>\r\n<\/td>\r\n<td width=\"144\">\r\n<p>35 t\/m 39 jaar<\/p>\r\n<p>40 t\/m 44 jaar<\/p>\r\n<p>45 t\/m 50 jaar enz<\/p>\r\n<\/td>\r\n<td width=\"167\">\r\n<p>Recreanten\/Masters<\/p>\r\n<p>V35\/M35<\/p>\r\n<p>V40\/M40<\/p>\r\n<p>\u00a0V45\/M45 enz<\/p>\r\n<\/td>\r\n<td width=\"160\">\r\n<p>&nbsp;<\/p>\r\n<\/td>\r\n<\/tr>\r\n<\/tbody>\r\n<\/table>\r\n<p><strong>\u00a0<\/strong><strong>Vaststelling leeftijdsindeling en tarieven<\/strong><\/p>\r\n<p>Jaarlijks worden vanaf 1 januari de nieuwe leeftijdscategorie\u00ebn van kracht en in de laatste week van november worden de nieuwe contributietarieven door de Atletiek Unie en HAC\u201963 bekendgemaakt.<\/p>\r\n<p><strong>Aanmelding<\/strong><br \/>Aanmelden als nieuw lid is mogelijk door een mail met een ingevuld\u00a0<strong><a href=\"https:\/\/hac63.nl\/wordpress\/wp-content\/uploads\/2024\/10\/aanmeldformulier.docx\">aanmeldformulier<\/a>\u00a0<\/strong>\u00a0te sturen naar\u00a0<a href=\"mailto:ledenadministratie@hac63.nl\">ledenadministratie@hac63.nl<\/a>.\u00a0<\/p>\r\n<p><strong>Betaling contributie<\/strong>s<br \/>Dit gaat middels incasso in de eerste maand van elk kwartaal, waarvoor een machtiging wordt afgegeven bij opgave lidmaatschap. De leeftijd is bepalend voor de contributiebepaling. Tussentijdse wijzigingen van het soort clublidmaatschap kunnen per direct ingaan; het bedrag zal bij de volgende incasso worden aangepast.\u00a0<\/p>\r\n<p>Indien je niet wilt dat de contributie via automatische incasso wordt gedaan, zullen de administratiekosten in rekening worden gebracht.<\/p>\r\n<p>Vormt het betalen van de contributie of overige kosten een probleem, informeer dan bij welzijnsorganisaties, de school of gemeente. Er zijn namelijk meerdere mogelijkheden voor het (gedeeltelijk) vergoeden van contributies van sportclubs voor mensen met een laag inkomen of uitzonderlijke omstandigheden. Tegemoetkoming voor jeugd tot 18 jaar loopt bijvoorbeeld via het Jeugd Fonds Sport en Cultuur. (<a href=\"https:\/\/jeugdfondssportencultuur.nl\/fondsen\/drenthe\/\">https:\/\/jeugdfondssportencultuur.nl\/fondsen\/drenthe\/<\/a>)<\/p>\r\n<p>En voor volwassenen via het volwassenenfonds van de gemeente Hoogeveen: <a href=\"https:\/\/www.volwassenenfonds.nl\/deelnemers\/Hoogeveen\/\">https:\/\/www.volwassenenfonds.nl\/deelnemers\/Hoogeveen\/<\/a><\/p>\r\n<p><strong>Gezinskorting<\/strong><br \/>Bij 3 of meer leden en\/of vaste vrijwilligers wonend op het zelfde adres, ontvangen alle gezinsleden 25% korting op het bedrag van de clubcontributie.<\/p>\r\n<p><strong>Administratiekosten <\/strong><br \/>Bij iedere nieuwe aanmelding, wijziging of overschrijving brengt de Atletiekunie administratiekosten in rekening. Deze kosten zullen door HAC\u201963 na facturatie door de Atletiekunie worden doorberekend en opgenomen in het totaalbedrag van de incasso.\u00a0<\/p>\r\n<p><strong>Wedstrijdlicentie<\/strong><br \/>Alleen met een Wedstrijdlicentie kun je meedoen aan door de Atletiekunie erkende wedstrijden en (inter)nationale kampioenschappen. De inning en de afdracht van de licentiekosten verloopt via HAC\u201963. Inschrijven voor onderlinge wedstrijden kan meestal zonder wedstrijdlicentie.<\/p>\r\n<p><strong>Stopzetten wedstrijdlicentie<\/strong><br \/>De wedstrijdlicentie wordt voor een heel jaar betaald.\u00a0 Dit loopt verplicht via HAC\u201963, middels een afdracht van dit hele bedrag\u00a0 aan de Atletiekunie. Stopzetten van de wedstrijdlicentie moet daarom uiterlijk 1 december in het daaraan voorafgaand jaar schriftelijk worden aangevraagd bij de ledenadministratie van HAC\u201963.<\/p>\r\n<p><strong>Recreanten<br \/><\/strong>Recreanten zijn atleten zonder wedstrijdlicentie. Je kunt je alleen vanaf 20-jarige leeftijd inschrijven als recreant.<\/p>\r\n<p><strong>Licentielid<br \/><\/strong>Een licentielid maakt geen gebruik van de (baan)trainingen of andere HAC\u201963 voorzieningen maar kan wel als HAC\u201963-lid aan de verschillende wedstrijden en (inter)nationale kampioenschappen meedoen. De inning en de afdracht van de licentiekosten en het bondslidmaatschap verloopt via HAC\u201963. Voor het lidmaatschap van HAC\u201963 wordt een gereduceerd lidmaatschap betaalt.<\/p>\r\n<p><strong>Kortlopend<\/strong>\u00a0<strong>lidmaatschap<\/strong><br \/>Een kortlopend lidmaatschap van drie maanden voor recreanten is sinds enkele jaren mogelijk gemaakt door de Atletiekunie. Je wordt op deze manier voor 3 maanden ingeschreven als recreant bij HAC\u201963 en bij de Atletiekunie. De ingangsdatum is altijd de 1e van de maand. Verlenging kan wel, maar alleen per drie maanden. Houdt daarbij wel rekening met de extra aanmeld- en\/of verwerkingskosten van de Atletiekunie.<\/p>\r\n<p><strong>Slapend lidmaatschap<\/strong><br \/>Bij zwangerschap, ziekte, tijdelijk verblijf elders of een serieuze blessure, waarbij gedurende een tijdje niet getraind wordt, kan het gewone lidmaatschap worden omgezet in een slapend lidmaatschap bij HAC\u201963. De contributie van de Atletiekunie (bondslidmaatschap en eventuele wedstrijdlicentie) lopen dan wel gewoon door, maar zo kunnen de afmeld- en aanmeldkosten bespaard worden bij kortdurende afwezigheid.<\/p>\r\n<p><strong>Vrijwilligers<\/strong><br \/>Een vereniging kan niet zonder de inzet van vrijwilligers. Ben je geen atleet, doe je niet mee aan de trainingen, maar heb je wel een warm hart voor HAC&#8217;63? Dan zijn we heel blij met iedereen die zich structureel inzet voor onze vereniging. Het lidmaatschap van HAC\u201963 en de contributie van de Atletiekunie wordt dan via HAC&#8217;63 betaald. Een eventuele wedsrtijdicentie is wel voor eigen rekening..<\/p>\r\n<p><strong>Clubkleding<\/strong><br \/>Men is verplicht gedurende de AU-erkende wedstrijden het clubtenue te dragen: rood club shirt. De blauwe short is niet meer verplicht. Inlichtingen hierover bij de trainers.<\/p>\r\n<p><strong>Opzegging lidmaatschap, overschrijving, lidmaatschap meerdere verenigingen<br \/><\/strong>Opzeggen van het Clublidmaatschap moet vier weken voor het einde van het kwartaal, dus voor 1 feb, 1 jun. 1 sep en 1 nov. Opzegging kan\u00a0 schriftelijk per e-mail via:\u00a0<a href=\"mailto:ledenadministratie@hac63.nl\">ledenadministratie@hac63.nl<\/a>. Vermeld in de opzegging je naam en de trainingsgroep. Er vindt geen contributieverrekening plaats. Je ontvangt meestal binnen twee weken een bevestiging. De eventuele incassomachtiging voor de contributie-inning wordt ingetrokken. Het lidmaatschap van de Atletiekunie is voor een jaar en afmeldingen bij de Atletiekunie voor het nieuwe kalenderjaar moeten v\u00f3\u00f3r 1 december bij de ledenadministratie binnen zijn; anders moet je de bijdrage Atletiekunie en eventuele licentiekosten van het jaar erop betalen.<\/p>\r\n<p>Wanneer iemand zich tijdens het lopende jaar wil laten overschrijven naar een andere vereniging vraagt de Atletiekunie om een overschrijvingsverklaring; neem hiervoor contact op met de ledenadministratie. Houdt hierbij rekening met enige verwerkingstijd\u00a0 en de overschrijvingskosten bij de Atletiek Unie. Die zijn voor eigen rekening.<\/p>\r\n<p>Train je bij twee verenigingen dan betaal je bij beide verenigingen de verenigingscontributie \u00e8n de bondscontributie(ivm de verzekeringen). De wedstrijdlicentie kan maar via \u00e9\u00e9n vereniging lopen.<\/p>\r\n<p>Laatste update: 6-12-2025<\/p>\r\n<p>&nbsp;<\/p>\r\n<table width=\"604\">\r\n<tbody>\r\n<tr>\r\n<td colspan=\"4\" width=\"604\">\r\n<p><strong>Contributies vanaf 1 jan 2025<\/strong><\/p>\r\n<\/td>\r\n<\/tr>\r\n<tr>\r\n<td width=\"133\">\r\n<p><strong>Categorie<\/strong><\/p>\r\n<\/td>\r\n<td width=\"144\">\r\n<p><strong>Atletiekunie<\/strong><\/p>\r\n<p><strong>(per jaar)<\/strong><\/p>\r\n<\/td>\r\n<td width=\"167\">\r\n<p><strong>Wedstrijdlicentie\u00a0\u00a0\u00a0\u00a0\u00a0\u00a0\u00a0\u00a0\u00a0\u00a0\u00a0 (per jaar)<\/strong><\/p>\r\n<\/td>\r\n<td width=\"160\">\r\n<p><strong>HAC\u201963<\/strong><\/p>\r\n<p><strong>(per kwartaal)<\/strong><\/p>\r\n<\/td>\r\n<\/tr>\r\n<tr>\r\n<td width=\"133\">\r\n<p>U08\u00a0<\/p>\r\n<\/td>\r\n<td width=\"144\">\r\n<p>\u20ac 18,75<\/p>\r\n<\/td>\r\n<td width=\"167\">\r\n<p>nvt<\/p>\r\n<\/td>\r\n<td width=\"160\">\r\n<p>\u20ac 35,10<\/p>\r\n<\/td>\r\n<\/tr>\r\n<tr>\r\n<td width=\"133\">\r\n<p>U09\u00a0\u00a0<\/p>\r\n<\/td>\r\n<td width=\"144\">\r\n<p>\u20ac 18,75<\/p>\r\n<\/td>\r\n<td width=\"167\">\r\n<p>10.20<\/p>\r\n<\/td>\r\n<td width=\"160\">\r\n<p>\u20ac 35,10<\/p>\r\n<\/td>\r\n<\/tr>\r\n<tr>\r\n<td width=\"133\">\r\n<p>U10\u00a0<\/p>\r\n<\/td>\r\n<td width=\"144\">\r\n<p>\u20ac 18,75<\/p>\r\n<\/td>\r\n<td width=\"167\">\r\n<p>10.20<\/p>\r\n<\/td>\r\n<td width=\"160\">\r\n<p>\u20ac 35,10<\/p>\r\n<\/td>\r\n<\/tr>\r\n<tr>\r\n<td width=\"133\">\r\n<p>U12\u00a0\u00a0<\/p>\r\n<\/td>\r\n<td width=\"144\">\r\n<p>\u20ac 18,75<\/p>\r\n<\/td>\r\n<td width=\"167\">\r\n<p>10.20<\/p>\r\n<\/td>\r\n<td width=\"160\">\r\n<p>\u20ac 35,10<\/p>\r\n<\/td>\r\n<\/tr>\r\n<tr>\r\n<td width=\"133\">\r\n<p>U14\u00a0<\/p>\r\n<\/td>\r\n<td width=\"144\">\r\n<p>\u20ac 19,80<\/p>\r\n<\/td>\r\n<td width=\"167\">\r\n<p>\u20ac 18,10<\/p>\r\n<\/td>\r\n<td width=\"160\">\r\n<p>\u20ac 43,10<\/p>\r\n<\/td>\r\n<\/tr>\r\n<tr>\r\n<td width=\"133\">\r\n<p>U16\u00a0<\/p>\r\n<\/td>\r\n<td width=\"144\">\r\n<p>\u20ac 19,80<\/p>\r\n<\/td>\r\n<td width=\"167\">\r\n<p>\u20ac 18,10<\/p>\r\n<\/td>\r\n<td width=\"160\">\r\n<p>\u20ac 43,10<\/p>\r\n<\/td>\r\n<\/tr>\r\n<tr>\r\n<td width=\"133\">\r\n<p>U18\u00a0<\/p>\r\n<\/td>\r\n<td width=\"144\">\r\n<p>\u20ac 19,80<\/p>\r\n<\/td>\r\n<td width=\"167\">\r\n<p>\u20ac 18,10<\/p>\r\n<\/td>\r\n<td width=\"160\">\r\n<p>\u20ac 44,90<\/p>\r\n<\/td>\r\n<\/tr>\r\n<tr>\r\n<td width=\"133\">\r\n<p>U20\u00a0\u00a0<\/p>\r\n<\/td>\r\n<td width=\"144\">\r\n<p>\u20ac 19,80<\/p>\r\n<\/td>\r\n<td width=\"167\">\r\n<p>\u20ac 18,10<\/p>\r\n<\/td>\r\n<td width=\"160\">\r\n<p>\u20ac 44,90<\/p>\r\n<\/td>\r\n<\/tr>\r\n<tr>\r\n<td width=\"133\">\r\n<p>Senioren<\/p>\r\n<\/td>\r\n<td width=\"144\">\r\n<p>\u20ac 21,40<\/p>\r\n<\/td>\r\n<td width=\"167\">\r\n<p>\u20ac 28,85<\/p>\r\n<\/td>\r\n<td width=\"160\">\r\n<p>\u20ac 53<\/p>\r\n<\/td>\r\n<\/tr>\r\n<tr>\r\n<td width=\"133\">\r\n<p>Masters<\/p>\r\n<\/td>\r\n<td width=\"144\">\r\n<p>\u20ac 21,40<\/p>\r\n<\/td>\r\n<td width=\"167\">\r\n<p>\u20ac 28,85<\/p>\r\n<\/td>\r\n<td width=\"160\">\r\n<p>\u20ac 53<\/p>\r\n<\/td>\r\n<\/tr>\r\n<tr>\r\n<td width=\"133\">\r\n<p>Recreanten<\/p>\r\n<\/td>\r\n<td width=\"144\">\r\n<p>\u20ac 21,40<\/p>\r\n<\/td>\r\n<td width=\"167\">\r\n<p>n.v.t.<\/p>\r\n<\/td>\r\n<td width=\"160\">\r\n<p>\u20ac 53<\/p>\r\n<\/td>\r\n<\/tr>\r\n<tr>\r\n<td width=\"133\">\u00a0<\/td>\r\n<td width=\"144\">\u00a0<\/td>\r\n<td width=\"167\">\u00a0<\/td>\r\n<td width=\"160\">\u00a0<\/td>\r\n<\/tr>\r\n<tr>\r\n<td width=\"133\">\r\n<p>Licentielid (senioren of masters)<\/p>\r\n<\/td>\r\n<td width=\"144\">\r\n<p>\u20ac 21,40<\/p>\r\n<\/td>\r\n<td width=\"167\">\r\n<p>\u20ac 28,85<\/p>\r\n<\/td>\r\n<td width=\"160\">\r\n<p>\u20ac 9,70<\/p>\r\n<p>\u00a0<u>per jaar<\/u><\/p>\r\n<\/td>\r\n<\/tr>\r\n<tr>\r\n<td width=\"133\">\u00a0<\/td>\r\n<td width=\"144\">\u00a0<\/td>\r\n<td width=\"167\">\u00a0<\/td>\r\n<td width=\"160\">\u00a0<\/td>\r\n<\/tr>\r\n<tr>\r\n<td width=\"133\">\r\n<p>Overig\/niet-atleten (bijv juylid)<\/p>\r\n<\/td>\r\n<td width=\"144\">\r\n<p>\u20ac 21,40<\/p>\r\n<\/td>\r\n<td width=\"167\">\r\n<p>nvt<\/p>\r\n<\/td>\r\n<td width=\"160\">\r\n<p>nvt<\/p>\r\n<\/td>\r\n<\/tr>\r\n<tr>\r\n<td width=\"133\">\r\n<p>Kortlopend lidmaatschap recreanten<\/p>\r\n<\/td>\r\n<td width=\"144\">\r\n<p>\u20ac 8,30<\/p>\r\n<p><u>voor 3 maand<\/u><\/p>\r\n<\/td>\r\n<td width=\"167\">\r\n<p>n.v.t.<\/p>\r\n<\/td>\r\n<td width=\"160\">\r\n<p>\u20ac 53<\/p>\r\n<p><u>voor 3 maand<\/u><\/p>\r\n<\/td>\r\n<\/tr>\r\n<tr>\r\n<td width=\"133\">\r\n<p>Slapend lidmaatschap masters<\/p>\r\n<\/td>\r\n<td width=\"144\">\r\n<p>\u20ac 21,40<\/p>\r\n<\/td>\r\n<td width=\"167\">\r\n<p>\u20ac 28,85<\/p>\r\n<\/td>\r\n<td width=\"160\">\r\n<p>\u20ac 1,45<\/p>\r\n<\/td>\r\n<\/tr>\r\n<tr>\r\n<td width=\"133\">\r\n<p>Slapend lidmaatschap recreanten<\/p>\r\n<\/td>\r\n<td width=\"144\">\r\n<p>\u20ac 21,40<\/p>\r\n<\/td>\r\n<td width=\"167\">\r\n<p>nvt<\/p>\r\n<\/td>\r\n<td width=\"160\">\r\n<p>\u20ac 1,45<\/p>\r\n<\/td>\r\n<\/tr>\r\n<\/tbody>\r\n<\/table>\r\n<p>&nbsp;<\/p>\r\n<table width=\"604\">\r\n<tbody>\r\n<tr>\r\n<td width=\"444\">\r\n<p><strong>Administratiekosten 2025<\/strong><\/p>\r\n<\/td>\r\n<td width=\"161\">\r\n<p><strong>\u00a0<\/strong><\/p>\r\n<\/td>\r\n<\/tr>\r\n<tr>\r\n<td width=\"444\">\r\n<p>Atletiekunie aanmeldkosten\/reactivering<\/p>\r\n<\/td>\r\n<td width=\"161\">\r\n<p>\u20ac\u00a09,50<\/p>\r\n<\/td>\r\n<\/tr>\r\n<tr>\r\n<td width=\"444\">\r\n<p>Atletiekunie overschrijving wedstrijdlicentie<\/p>\r\n<\/td>\r\n<td width=\"161\">\r\n<p>\u20ac\u00a012,95<\/p>\r\n<\/td>\r\n<\/tr>\r\n<tr>\r\n<td width=\"444\">\r\n<p>HAC\u201963 eenmalige inschrijfkosten<\/p>\r\n<\/td>\r\n<td width=\"161\">\r\n<p>\u20ac 12,50<\/p>\r\n<\/td>\r\n<\/tr>\r\n<tr>\r\n<td width=\"444\">\r\n<p>HAC\u201963 administratiekosten facturen<\/p>\r\n<\/td>\r\n<td width=\"161\">\r\n<p>\u20ac 3,50<\/p>\r\n<\/td>\r\n<\/tr>\r\n<\/tbody>\r\n<\/table>\r\n\r\n\r\n","protected":false},"excerpt":{"rendered":"<p>Voor 2026 verhoogt de Atletiekunie de prijzen van het lidmaatschap met 3,55%. HAC\u201963 past de eigen contributiebedragen ook aan. Contributies vanaf 1 jan 2026 Categorie Atletiekunie (per jaar) Wedstrijd-licentie\u00a0\u00a0\u00a0\u00a0\u00a0\u00a0\u00a0\u00a0\u00a0\u00a0\u00a0 (per [&hellip;]<\/p>\n","protected":false},"author":1,"featured_media":0,"parent":0,"menu_order":0,"comment_status":"closed","ping_status":"closed","template":"","meta":{"_coblocks_attr":"","_coblocks_dimensions":"","_coblocks_responsive_height":"","_coblocks_accordion_ie_support":"","footnotes":""},"_links":{"self":[{"href":"https:\/\/hac63.nl\/wordpress\/wp-json\/wp\/v2\/pages\/282"}],"collection":[{"href":"https:\/\/hac63.nl\/wordpress\/wp-json\/wp\/v2\/pages"}],"about":[{"href":"https:\/\/hac63.nl\/wordpress\/wp-json\/wp\/v2\/types\/page"}],"author":[{"embeddable":true,"href":"https:\/\/hac63.nl\/wordpress\/wp-json\/wp\/v2\/users\/1"}],"replies":[{"embeddable":true,"href":"https:\/\/hac63.nl\/wordpress\/wp-json\/wp\/v2\/comments?post=282"}],"version-history":[{"count":127,"href":"https:\/\/hac63.nl\/wordpress\/wp-json\/wp\/v2\/pages\/282\/revisions"}],"predecessor-version":[{"id":56007,"href":"https:\/\/hac63.nl\/wordpress\/wp-json\/wp\/v2\/pages\/282\/revisions\/56007"}],"wp:attachment":[{"href":"https:\/\/hac63.nl\/wordpress\/wp-json\/wp\/v2\/media?parent=282"}],"curies":[{"name":"wp","href":"https:\/\/api.w.org\/{rel}","templated":true}]}}